{"id":324,"date":"2023-05-21T22:03:52","date_gmt":"2023-05-21T20:03:52","guid":{"rendered":"https:\/\/heiliq.loc\/?page_id=324"},"modified":"2025-10-03T02:35:42","modified_gmt":"2025-10-03T00:35:42","slug":"kontakt","status":"publish","type":"page","link":"https:\/\/heiliq.com\/en\/kontakt\/","title":{"rendered":"Contact"},"content":{"rendered":"<p>Are you a wholesaler, bulk consumer, or do you represent retail? Please feel free to contact us to share your requirements. Our sales team is keen to discover solutions that align with your pricing expectations and quality standards. Don't hesitate to reach out to us.<\/p>\n\n\n\n<p><strong>Heiliq Deutschland GmbH &amp; Co. KG<\/strong><br>Wasserreihe 37<br>D-25813 Husum<br>Germany<\/p>\n\n\n\n<p><strong>How to reach us:<\/strong><\/p>\n\n\n\n<p><strong>Vertrieb \/ Sales:<\/strong><br>Thomas Heitkamp<br>Mobile: +49 175 93 88 077<br>E-Mail f\u00fcr Eink\u00e4ufer: <a href=\"mailto:sales@heiliq.com\">sales@heiliq.com<\/a><\/p>\n\n\n\n<p><strong>Vertrieb \/ Foodservice:<\/strong><br>Ronny Rauschenbach<br>Mobile: +49 175 9000 995<br>E-Mail f\u00fcr Eink\u00e4ufer: <a href=\"mailto:foodservice@heiliq.com\">foodservice@heiliq.com<\/a><\/p>\n\n\n\n<p><strong>Procurement:<\/strong><br>Sebastian Jung<br>Mobile: +49 175 97 44 122<br>E-Mail f\u00fcr Verk\u00e4ufer: <a href=\"mailto:purchase@heiliq.com\">purchase@heiliq.com<\/a><\/p>\n\n\n\n<p><strong>Disposition:<\/strong><br>E-Mail: <a href=\"mailto:dispo@heiliq.com\">dispo@heiliq.com<\/a><\/p>\n\n\n\n<p><strong>Logistics:<\/strong><br>E-Mail: <a href=\"mailto:logistics@heiliq.com\">logistics@heiliq.com<\/a><\/p>\n\n\n\n<p><strong>Accounting:<\/strong><br>E-Mail: <a href=\"mailto:accounting@heiliq.com\">accounting@heiliq.com<\/a><\/p>\n\n\n\n<p><strong>Marketing:<\/strong><br>E-Mail:\u00a0<a href=\"mailto:marketing@heiliq.com\">marketing@heiliq.com<\/a><\/p>\n\n\n\n<p>Learn more about our <a href=\"https:\/\/heiliq.com\/en\/\" target=\"_blank\" rel=\"noreferrer noopener\">product range policy here<\/a>.<\/p>","protected":false},"excerpt":{"rendered":"<p>Sie sind Gro\u00dfh\u00e4ndler, Gro\u00dfverbraucher oder vertreten Sie den Einzelhandel? Kontaktieren Sie uns gern, um uns Ihre Anforderungen mitzuteilen. Unser Vertrieb ist daran interessiert, L\u00f6sungen f\u00fcr Ihre Preisvorstellungen und Qualit\u00e4tsanspr\u00fcche zu finden. Sprechen Sie uns gerne an. Heiliq Deutschland GmbH &amp; Co. KGWasserreihe 37D-25813 HusumGermany Sie erreichen uns wie folgt: Vertrieb \/ Sales:Thomas HeitkampMobile: +49 175 [&hellip;]<\/p>","protected":false},"author":1,"featured_media":0,"parent":0,"menu_order":0,"comment_status":"closed","ping_status":"closed","template":"","meta":{"footnotes":""},"class_list":["post-324","page","type-page","status-publish","hentry"],"_links":{"self":[{"href":"https:\/\/heiliq.com\/en\/wp-json\/wp\/v2\/pages\/324","targetHints":{"allow":["GET"]}}],"collection":[{"href":"https:\/\/heiliq.com\/en\/wp-json\/wp\/v2\/pages"}],"about":[{"href":"https:\/\/heiliq.com\/en\/wp-json\/wp\/v2\/types\/page"}],"author":[{"embeddable":true,"href":"https:\/\/heiliq.com\/en\/wp-json\/wp\/v2\/users\/1"}],"replies":[{"embeddable":true,"href":"https:\/\/heiliq.com\/en\/wp-json\/wp\/v2\/comments?post=324"}],"version-history":[{"count":12,"href":"https:\/\/heiliq.com\/en\/wp-json\/wp\/v2\/pages\/324\/revisions"}],"predecessor-version":[{"id":641,"href":"https:\/\/heiliq.com\/en\/wp-json\/wp\/v2\/pages\/324\/revisions\/641"}],"wp:attachment":[{"href":"https:\/\/heiliq.com\/en\/wp-json\/wp\/v2\/media?parent=324"}],"curies":[{"name":"wp","href":"https:\/\/api.w.org\/{rel}","templated":true}]}}